{"id":10677,"date":"2022-02-12T17:54:30","date_gmt":"2022-02-12T17:54:30","guid":{"rendered":"https:\/\/mobusoft.com\/?page_id=10677"},"modified":"2024-02-03T13:52:28","modified_gmt":"2024-02-03T13:52:28","slug":"agenda-la-teva-consultoria-informatica","status":"publish","type":"page","link":"https:\/\/mobusoft.com\/ca\/agenda-la-teva-consultoria-informatica\/","title":{"rendered":"Agenda la teva consultoria inform\u00e0tica"},"content":{"rendered":"\t\t<div data-elementor-type=\"wp-page\" data-elementor-id=\"10677\" class=\"elementor elementor-10677 elementor-10669\" data-elementor-post-type=\"page\">\n\t\t\t\t\t\t<section class=\"elementor-section elementor-top-section elementor-element elementor-element-872d08f elementor-section-full_width elementor-section-height-default elementor-section-height-default\" data-id=\"872d08f\" data-element_type=\"section\" data-settings=\"{&quot;background_background&quot;:&quot;classic&quot;}\">\n\t\t\t\t\t\t\t<div class=\"elementor-background-overlay\"><\/div>\n\t\t\t\t\t\t\t<div class=\"elementor-container elementor-column-gap-default\">\n\t\t\t\t\t<div class=\"elementor-column elementor-col-100 elementor-top-column elementor-element elementor-element-f2fd57b\" data-id=\"f2fd57b\" data-element_type=\"column\">\n\t\t\t<div class=\"elementor-widget-wrap elementor-element-populated\">\n\t\t\t\t\t\t<div class=\"elementor-element elementor-element-31797f2 elementor-widget elementor-widget-hub_fancy_heading lqd-el-has-inner-anim\" data-id=\"31797f2\" data-element_type=\"widget\" data-settings=\"{&quot;enable_split&quot;:&quot;true&quot;,&quot;split_type&quot;:&quot;chars, words&quot;}\" data-widget_type=\"hub_fancy_heading.default\">\n\t\t\t\t<div class=\"elementor-widget-container\">\n\t\t\t\t\t\n\t\t<div id=\"ld-fancy-heading-69fb6707e91f5\" class=\"ld-fancy-heading pos-rel\">\n\t\t\t<span class=\"ld-fh-element d-inline-block pos-rel  lqd-highlight-classic lqd-highlight-grow-left lqd-split-chars span\"  data-split-text=\"true\" data-split-options='{\"type\":\"chars, words\"}'> \u00bfVOLS PORTAR EL TEU PROJECTE AL SEG\u00dcENT NIVELL?<\/span>\t\t<\/div>\n\n\t\t\t\t\t\t<\/div>\n\t\t\t\t<\/div>\n\t\t\t\t\t<\/div>\n\t\t<\/div>\n\t\t\t\t\t<\/div>\n\t\t<\/section>\n\t\t\t\t<section class=\"elementor-section elementor-top-section elementor-element elementor-element-f917ce4 elementor-section-boxed elementor-section-height-default elementor-section-height-default\" data-id=\"f917ce4\" data-element_type=\"section\">\n\t\t\t\t\t\t<div class=\"elementor-container elementor-column-gap-no\">\n\t\t\t\t\t<div class=\"elementor-column elementor-col-100 elementor-top-column elementor-element elementor-element-49eb144\" data-id=\"49eb144\" data-element_type=\"column\">\n\t\t\t<div class=\"elementor-widget-wrap elementor-element-populated\">\n\t\t\t\t\t\t<section class=\"elementor-section elementor-inner-section elementor-element elementor-element-27b8a9d elementor-section-boxed elementor-section-height-default elementor-section-height-default\" data-id=\"27b8a9d\" data-element_type=\"section\" data-settings=\"{&quot;background_background&quot;:&quot;classic&quot;}\">\n\t\t\t\t\t\t<div class=\"elementor-container elementor-column-gap-default\">\n\t\t\t\t\t<div class=\"elementor-column elementor-col-100 elementor-inner-column elementor-element elementor-element-c12c4a7\" data-id=\"c12c4a7\" data-element_type=\"column\">\n\t\t\t<div class=\"elementor-widget-wrap elementor-element-populated\">\n\t\t\t\t\t\t<div class=\"elementor-element elementor-element-05e06c5 elementor-widget elementor-widget-hub_fancy_heading\" data-id=\"05e06c5\" data-element_type=\"widget\" data-widget_type=\"hub_fancy_heading.default\">\n\t\t\t\t<div class=\"elementor-widget-container\">\n\t\t\t\t\t\n\t\t<div id=\"ld-fancy-heading-69fb6707e96c0\" class=\"ld-fancy-heading pos-rel\">\n\t\t\t<h3 class=\"ld-fh-element d-inline-block pos-rel  elementor-heading-title lqd-highlight-classic lqd-highlight-grow-left h3\"  > Agenda ara la teva consultoria GRATU\u00cfTA amb un dels nostres consultors inform\u00e0tics i t'hi ajudarem.<\/h3>\t\t<\/div>\n\n\t\t\t\t\t\t<\/div>\n\t\t\t\t<\/div>\n\t\t\t\t<div class=\"elementor-element elementor-element-6901520 elementor-widget elementor-widget-shortcode\" data-id=\"6901520\" data-element_type=\"widget\" data-widget_type=\"shortcode.default\">\n\t\t\t\t<div class=\"elementor-widget-container\">\n\t\t\t\t\t\t\t<div class=\"elementor-shortcode\">\n\t<script type=\"text\/javascript\">\n\tvar wpcal_booking_service_id = \"3\";\n\tvar wpcal_post_id = \"10677\";\n\ttry{\n\t\tvar wpcal_load_trigger = new Event('wpcal_load_booking_widget');\n\n\t\tif (\/complete|interactive|loaded\/.test(document.readyState)) {\n\t\t\tsetTimeout(() => {\n\t\t\t\tdocument.dispatchEvent(wpcal_load_trigger);\n\t\t\t}, 10);\n\t\t} else {\n\t\t\tdocument.addEventListener(\"DOMContentLoaded\", () => {\n\t\t\t\tsetTimeout(() => {\n\t\t\t\t\tdocument.dispatchEvent(wpcal_load_trigger);\n\t\t\t\t}, 10);\n\t\t\t});\n\t\t}\n\t}\n\tcatch(err){}\n\t<\/script>\n\t<style>\n\t@keyframes rotation {\n\t\tfrom {\n\t\t  -webkit-transform: rotate(0deg);\n\t\t}\n\t\tto {\n\t\t  -webkit-transform: rotate(359deg);\n\t\t}\n\t}\n\t\n\t\t\t#wpcal_user_app{\n\t\t\t\t--accentClrRGB: 255,102,2\n\t\t\t}\n\t\t\t\n\t#wpcal_user_app.loading-indicator-initial {\n\t\tmin-height: 60px;\n\t\tdisplay: flex;\n\t\talign-items: center;\n\t\tjustify-content: center;\n\t}\n\t#wpcal_user_app.loading-indicator-initial::before {\n\t\tcontent: \"\";\n\t\tposition: absolute;\n\t\twidth: 20px;\n\t\theight: 20px;\n\t\tborder-radius: 50%;\n\t\tborder: 4px solid rgba(var(--accentClrRGB, 86, 123, 243), 1);\n\t\tborder-top-color: #fff;\n\t\tbackground-color: #fff;\n\t\tbox-shadow: 0 0 0px 3px #fff, 0 0 7px rgba(0, 0, 0, 0.9);\n\t\tz-index: 2;\n\t\t-webkit-animation: rotation 0.8s infinite linear;\n\t\tanimation: rotation 0.8s infinite linear;\n\t}\n\t#wpcal_user_app.loading-indicator-initial::after {\n\t\tcontent: \"\";\n\t\twidth: 90%;\n\t\tmax-width: 700px;\n\t\theight: 450px;\n\t\tbackground-color: #fff;\n\t\tborder-radius: 20px;\n\t\tbox-shadow: 0 0 30px 0px rgb(153 165 189 \/ 20%);\n\t\tborder: 1px solid #e9ecf2;\n\t}\n\t<\/style>\n\t<div id=\"wpcal_user_app\" class=\"loading-indicator-initial\"><\/div><\/div>\n\t\t\t\t\t\t<\/div>\n\t\t\t\t<\/div>\n\t\t\t\t\t<\/div>\n\t\t<\/div>\n\t\t\t\t\t<\/div>\n\t\t<\/section>\n\t\t\t\t\t<\/div>\n\t\t<\/div>\n\t\t\t\t\t<\/div>\n\t\t<\/section>\n\t\t\t\t<section data-custom-animations=\"true\" data-ca-options=\"{&quot;addChildTimelines&quot;:false,&quot;trigger&quot;:&quot;firstChild&quot;,&quot;animationTarget&quot;:&quot;:scope &gt; .elementor-container &gt; .elementor-column&quot;,&quot;duration&quot;:1800,&quot;ease&quot;:[&quot;power4.out&quot;],&quot;initValues&quot;:{&quot;y&quot;:&quot;36px&quot;,&quot;scaleX&quot;:0.8,&quot;scaleY&quot;:0.8,&quot;opacity&quot;:0,&quot;transformOrigin&quot;:&quot;50% 50% 0px&quot;},&quot;animations&quot;:{&quot;y&quot;:&quot;0px&quot;,&quot;scaleX&quot;:1,&quot;scaleY&quot;:1,&quot;opacity&quot;:1,&quot;transformOrigin&quot;:&quot;50% 50% 0px&quot;}}\" class=\"elementor-section elementor-top-section elementor-element elementor-element-b997084 elementor-section-boxed elementor-section-height-default elementor-section-height-default\" data-id=\"b997084\" data-element_type=\"section\">\n\t\t\t\t\t\t<div class=\"elementor-container elementor-column-gap-extended\">\n\t\t\t\t\t<div class=\"elementor-column elementor-col-100 elementor-top-column elementor-element elementor-element-8bf901e\" data-id=\"8bf901e\" data-element_type=\"column\">\n\t\t\t<div class=\"elementor-widget-wrap elementor-element-populated\">\n\t\t\t\t\t\t<div class=\"elementor-element elementor-element-ebc6923 elementor-widget elementor-widget-hub_fancy_heading\" data-id=\"ebc6923\" data-element_type=\"widget\" data-widget_type=\"hub_fancy_heading.default\">\n\t\t\t\t<div class=\"elementor-widget-container\">\n\t\t\t\t\t\n\t\t<div id=\"ld-fancy-heading-69fb6707ea469\" class=\"ld-fancy-heading pos-rel\">\n\t\t\t<h2 class=\"ld-fh-element d-inline-block pos-rel  elementor-heading-title lqd-highlight-classic lqd-highlight-grow-left h2\"  > \u00bfNECESSITES AJUDA?<\/h2>\t\t<\/div>\n\n\t\t\t\t\t\t<\/div>\n\t\t\t\t<\/div>\n\t\t\t\t\t<\/div>\n\t\t<\/div>\n\t\t\t\t<div class=\"elementor-column elementor-col-100 elementor-top-column elementor-element elementor-element-4579d21\" data-id=\"4579d21\" data-element_type=\"column\">\n\t\t\t<div class=\"elementor-widget-wrap elementor-element-populated\">\n\t\t\t\t\t\t<div class=\"elementor-element elementor-element-d0a9b54 elementor-align-center elementor-widget elementor-widget-ld_icon_box\" data-id=\"d0a9b54\" data-element_type=\"widget\" data-widget_type=\"ld_icon_box.default\">\n\t\t\t\t<div class=\"elementor-widget-container\">\n\t\t\t\t\t\n\t\t\t<div id=\"ld_icon_box_d0a9b54\" class=\"iconbox d-flex flex-grow-1 pos-rel flex-column iconbox-default iconbox-icon-shaped iconbox-circle\"   >\n\n\t\t\t\t\n\t\t\t\t<div class=\"iconbox-icon-wrap  \"><div class=\"iconbox-icon-container d-inline-flex pos-rel z-index-1 border-radius-circle\"><i aria-hidden=\"true\" class=\"far fa-envelope\"><\/i><\/div><\/div>\n\t\t\t\t\n\t\t\t\t<div class=\"contents \">\n\t\t\t\t\n\t\t\t\t<h3 class=\"lqd-iconbox-heading \" >INFORMACI\u00d3 <\/h3>\t\t\t\t<p>info@mobusoft.com<\/p>\n\t\t\t\t\n\t\t\t\t<\/div>\n\t\t\t\t\n\t\t\t<\/div>\n\n\t\t\t\t\t\t<\/div>\n\t\t\t\t<\/div>\n\t\t\t\t\t<\/div>\n\t\t<\/div>\n\t\t\t\t<div class=\"elementor-column elementor-col-100 elementor-top-column elementor-element elementor-element-75bbb9d\" data-id=\"75bbb9d\" data-element_type=\"column\">\n\t\t\t<div class=\"elementor-widget-wrap elementor-element-populated\">\n\t\t\t\t\t\t<div class=\"elementor-element elementor-element-40b718a elementor-align-center elementor-widget elementor-widget-ld_icon_box\" data-id=\"40b718a\" data-element_type=\"widget\" data-widget_type=\"ld_icon_box.default\">\n\t\t\t\t<div class=\"elementor-widget-container\">\n\t\t\t\t\t\n\t\t\t<div id=\"ld_icon_box_40b718a\" class=\"iconbox d-flex flex-grow-1 pos-rel flex-column iconbox-default iconbox-icon-shaped iconbox-circle\"   >\n\n\t\t\t\t\n\t\t\t\t<div class=\"iconbox-icon-wrap  \"><div class=\"iconbox-icon-container d-inline-flex pos-rel z-index-1 border-radius-circle\"><i aria-hidden=\"true\" class=\"far fa-envelope\"><\/i><\/div><\/div>\n\t\t\t\t\n\t\t\t\t<div class=\"contents \">\n\t\t\t\t\n\t\t\t\t<h3 class=\"lqd-iconbox-heading \" >INCID\u00c8NCIES <\/h3>\t\t\t\t<p>alert@mobusoft.com<\/p>\n\t\t\t\t\n\t\t\t\t<\/div>\n\t\t\t\t\n\t\t\t<\/div>\n\n\t\t\t\t\t\t<\/div>\n\t\t\t\t<\/div>\n\t\t\t\t\t<\/div>\n\t\t<\/div>\n\t\t\t\t<div class=\"elementor-column elementor-col-100 elementor-top-column elementor-element elementor-element-38ad7f8\" data-id=\"38ad7f8\" data-element_type=\"column\">\n\t\t\t<div class=\"elementor-widget-wrap elementor-element-populated\">\n\t\t\t\t\t\t<div class=\"elementor-element elementor-element-2046f37 elementor-align-center elementor-widget elementor-widget-ld_icon_box\" data-id=\"2046f37\" data-element_type=\"widget\" data-widget_type=\"ld_icon_box.default\">\n\t\t\t\t<div class=\"elementor-widget-container\">\n\t\t\t\t\t\n\t\t\t<div id=\"ld_icon_box_2046f37\" class=\"iconbox d-flex flex-grow-1 pos-rel flex-column iconbox-default iconbox-icon-shaped iconbox-circle\"   >\n\n\t\t\t\t\n\t\t\t\t<div class=\"iconbox-icon-wrap  \"><div class=\"iconbox-icon-container d-inline-flex pos-rel z-index-1 border-radius-circle\"><i aria-hidden=\"true\" class=\"far fa-envelope\"><\/i><\/div><\/div>\n\t\t\t\t\n\t\t\t\t<div class=\"contents \">\n\t\t\t\t\n\t\t\t\t<h3 class=\"lqd-iconbox-heading \" >FACTURACI\u00d3 <\/h3>\t\t\t\t<p>sales@mobusoft.com<\/p>\n\t\t\t\t\n\t\t\t\t<\/div>\n\t\t\t\t\n\t\t\t<\/div>\n\n\t\t\t\t\t\t<\/div>\n\t\t\t\t<\/div>\n\t\t\t\t\t<\/div>\n\t\t<\/div>\n\t\t\t\t<div class=\"elementor-column elementor-col-100 elementor-top-column elementor-element elementor-element-14fac4c\" data-id=\"14fac4c\" data-element_type=\"column\">\n\t\t\t<div class=\"elementor-widget-wrap elementor-element-populated\">\n\t\t\t\t\t\t<div class=\"elementor-element elementor-element-3aab29a elementor-widget elementor-widget-ld_button\" data-id=\"3aab29a\" data-element_type=\"widget\" data-widget_type=\"ld_button.default\">\n\t\t\t\t<div class=\"elementor-widget-container\">\n\t\t\t\t\t\n\t\t\t<a\n\t\t\t\thref=\"https:\/\/api.whatsapp.com\/send?phone=34603394538&#038;text=Hola%20MobuSoft.com\" target=\"_blank\" rel=\"nofollow\"class=\"elementor-button btn btn-solid btn-hover-txt-liquid-y-alt btn-icon-left btn-has-label\"\t\t\t>\n\t\t\t\t\t\t\t\t\t<span data-text=\"WhatsApp\" class=\"btn-txt\" data-transition-delay=\"true\" data-delay-options=\"{&quot;elements&quot;: &quot;.lqd-chars&quot;, &quot;delayType&quot;: &quot;animation&quot;, &quot;startDelay&quot;: 0, &quot;delayBetween&quot;: 32.5}\" data-split-text=\"true\" data-split-options=\"{&quot;type&quot;: &quot;chars, words&quot;}\">\n\t\t\t\t\t\tWhatsApp\t\t\t\t\t<\/span>\n\t\t\t\t\t\t\t\t\t\t\t\t\t\t<span class=\"btn-icon\">\n\t\t\t\t\t\t\t<i aria-hidden=\"true\" class=\"fab fa-whatsapp\"><\/i>\t\t\t\t\t\t<\/span>\n\t\t\t\t\t\t\t\t\t<\/a>\n\t\t\t\t\t\t\t<\/div>\n\t\t\t\t<\/div>\n\t\t\t\t\t<\/div>\n\t\t<\/div>\n\t\t\t\t\t<\/div>\n\t\t<\/section>\n\t\t\t\t<\/div>\n\t\t","protected":false},"excerpt":{"rendered":"<p>\u00bfVOLS PORTAR EL TEU PROJECTE AL SEG\u00dcENT NIVELL? Agenda ara la teva consultoria GRATU\u00cfTA amb un dels nostres consultors inform\u00e0tics i t&#8217;hi ajudarem. \u00bfNECESSITES AJUDA? INFORMACI\u00d3 info@mobusoft.com INCID\u00c8NCIES alert@mobusoft.com FACTURACI\u00d3 sales@mobusoft.com WhatsApp<\/p>\n","protected":false},"author":1,"featured_media":0,"parent":0,"menu_order":0,"comment_status":"closed","ping_status":"closed","template":"","meta":{"_joinchat":[],"footnotes":""},"class_list":["post-10677","page","type-page","status-publish","hentry"],"yoast_head":"<!-- This site is optimized with the Yoast SEO plugin v26.1.1 - https:\/\/yoast.com\/wordpress\/plugins\/seo\/ -->\n<title>\u25b7 MobuSoft.com - Agenda la teva consultoria inform\u00e0tica<\/title>\n<meta name=\"description\" content=\"Volem ser el teu soci t\u00e8cnic i ajudar-te amb el progr\u00e9s positiu del teu projecte digital. Parlem sobre el projecte? \u2705\" \/>\n<meta name=\"robots\" content=\"index, follow, max-snippet:-1, max-image-preview:large, max-video-preview:-1\" \/>\n<link rel=\"canonical\" href=\"https:\/\/mobusoft.com\/ca\/agenda-la-teva-consultoria-informatica\/\" \/>\n<meta property=\"og:locale\" content=\"ca_ES\" \/>\n<meta property=\"og:type\" content=\"article\" \/>\n<meta property=\"og:title\" content=\"\u25b7 MobuSoft.com - Agenda la teva consultoria inform\u00e0tica\" \/>\n<meta property=\"og:description\" content=\"Volem ser el teu soci t\u00e8cnic i ajudar-te amb el progr\u00e9s positiu del teu projecte digital. Parlem sobre el projecte? \u2705\" \/>\n<meta property=\"og:url\" content=\"https:\/\/mobusoft.com\/ca\/agenda-la-teva-consultoria-informatica\/\" \/>\n<meta property=\"og:site_name\" content=\"MobuSoft.com\" \/>\n<meta property=\"article:modified_time\" content=\"2024-02-03T13:52:28+00:00\" \/>\n<meta name=\"twitter:card\" content=\"summary_large_image\" \/>\n<meta name=\"twitter:label1\" content=\"Temps estimat de lectura\" \/>\n\t<meta name=\"twitter:data1\" content=\"1 minut\" \/>\n<script type=\"application\/ld+json\" class=\"yoast-schema-graph\">{\"@context\":\"https:\/\/schema.org\",\"@graph\":[{\"@type\":\"WebPage\",\"@id\":\"https:\/\/mobusoft.com\/ca\/agenda-la-teva-consultoria-informatica\/\",\"url\":\"https:\/\/mobusoft.com\/ca\/agenda-la-teva-consultoria-informatica\/\",\"name\":\"\u25b7 MobuSoft.com - Agenda la teva consultoria inform\u00e0tica\",\"isPartOf\":{\"@id\":\"https:\/\/mobusoft.com\/#website\"},\"datePublished\":\"2022-02-12T17:54:30+00:00\",\"dateModified\":\"2024-02-03T13:52:28+00:00\",\"description\":\"Volem ser el teu soci t\u00e8cnic i ajudar-te amb el progr\u00e9s positiu del teu projecte digital. Parlem sobre el projecte? \u2705\",\"breadcrumb\":{\"@id\":\"https:\/\/mobusoft.com\/ca\/agenda-la-teva-consultoria-informatica\/#breadcrumb\"},\"inLanguage\":\"ca\",\"potentialAction\":[{\"@type\":\"ReadAction\",\"target\":[\"https:\/\/mobusoft.com\/ca\/agenda-la-teva-consultoria-informatica\/\"]}]},{\"@type\":\"BreadcrumbList\",\"@id\":\"https:\/\/mobusoft.com\/ca\/agenda-la-teva-consultoria-informatica\/#breadcrumb\",\"itemListElement\":[{\"@type\":\"ListItem\",\"position\":1,\"name\":\"Portada\",\"item\":\"https:\/\/mobusoft.com\/ca\/\"},{\"@type\":\"ListItem\",\"position\":2,\"name\":\"Agenda la teva consultoria inform\u00e0tica\"}]},{\"@type\":\"WebSite\",\"@id\":\"https:\/\/mobusoft.com\/#website\",\"url\":\"https:\/\/mobusoft.com\/\",\"name\":\"MobuSoft.com\",\"description\":\"Consultor\u00eda Inform\u00e1tica\",\"potentialAction\":[{\"@type\":\"SearchAction\",\"target\":{\"@type\":\"EntryPoint\",\"urlTemplate\":\"https:\/\/mobusoft.com\/?s={search_term_string}\"},\"query-input\":{\"@type\":\"PropertyValueSpecification\",\"valueRequired\":true,\"valueName\":\"search_term_string\"}}],\"inLanguage\":\"ca\"}]}<\/script>\n<!-- \/ Yoast SEO plugin. -->","yoast_head_json":{"title":"\u25b7 MobuSoft.com - Agenda la teva consultoria inform\u00e0tica","description":"Volem ser el teu soci t\u00e8cnic i ajudar-te amb el progr\u00e9s positiu del teu projecte digital. Parlem sobre el projecte? \u2705","robots":{"index":"index","follow":"follow","max-snippet":"max-snippet:-1","max-image-preview":"max-image-preview:large","max-video-preview":"max-video-preview:-1"},"canonical":"https:\/\/mobusoft.com\/ca\/agenda-la-teva-consultoria-informatica\/","og_locale":"ca_ES","og_type":"article","og_title":"\u25b7 MobuSoft.com - Agenda la teva consultoria inform\u00e0tica","og_description":"Volem ser el teu soci t\u00e8cnic i ajudar-te amb el progr\u00e9s positiu del teu projecte digital. Parlem sobre el projecte? \u2705","og_url":"https:\/\/mobusoft.com\/ca\/agenda-la-teva-consultoria-informatica\/","og_site_name":"MobuSoft.com","article_modified_time":"2024-02-03T13:52:28+00:00","twitter_card":"summary_large_image","twitter_misc":{"Temps estimat de lectura":"1 minut"},"schema":{"@context":"https:\/\/schema.org","@graph":[{"@type":"WebPage","@id":"https:\/\/mobusoft.com\/ca\/agenda-la-teva-consultoria-informatica\/","url":"https:\/\/mobusoft.com\/ca\/agenda-la-teva-consultoria-informatica\/","name":"\u25b7 MobuSoft.com - Agenda la teva consultoria inform\u00e0tica","isPartOf":{"@id":"https:\/\/mobusoft.com\/#website"},"datePublished":"2022-02-12T17:54:30+00:00","dateModified":"2024-02-03T13:52:28+00:00","description":"Volem ser el teu soci t\u00e8cnic i ajudar-te amb el progr\u00e9s positiu del teu projecte digital. Parlem sobre el projecte? \u2705","breadcrumb":{"@id":"https:\/\/mobusoft.com\/ca\/agenda-la-teva-consultoria-informatica\/#breadcrumb"},"inLanguage":"ca","potentialAction":[{"@type":"ReadAction","target":["https:\/\/mobusoft.com\/ca\/agenda-la-teva-consultoria-informatica\/"]}]},{"@type":"BreadcrumbList","@id":"https:\/\/mobusoft.com\/ca\/agenda-la-teva-consultoria-informatica\/#breadcrumb","itemListElement":[{"@type":"ListItem","position":1,"name":"Portada","item":"https:\/\/mobusoft.com\/ca\/"},{"@type":"ListItem","position":2,"name":"Agenda la teva consultoria inform\u00e0tica"}]},{"@type":"WebSite","@id":"https:\/\/mobusoft.com\/#website","url":"https:\/\/mobusoft.com\/","name":"MobuSoft.com","description":"Consultor\u00eda Inform\u00e1tica","potentialAction":[{"@type":"SearchAction","target":{"@type":"EntryPoint","urlTemplate":"https:\/\/mobusoft.com\/?s={search_term_string}"},"query-input":{"@type":"PropertyValueSpecification","valueRequired":true,"valueName":"search_term_string"}}],"inLanguage":"ca"}]}},"_links":{"self":[{"href":"https:\/\/mobusoft.com\/ca\/wp-json\/wp\/v2\/pages\/10677","targetHints":{"allow":["GET"]}}],"collection":[{"href":"https:\/\/mobusoft.com\/ca\/wp-json\/wp\/v2\/pages"}],"about":[{"href":"https:\/\/mobusoft.com\/ca\/wp-json\/wp\/v2\/types\/page"}],"author":[{"embeddable":true,"href":"https:\/\/mobusoft.com\/ca\/wp-json\/wp\/v2\/users\/1"}],"replies":[{"embeddable":true,"href":"https:\/\/mobusoft.com\/ca\/wp-json\/wp\/v2\/comments?post=10677"}],"version-history":[{"count":0,"href":"https:\/\/mobusoft.com\/ca\/wp-json\/wp\/v2\/pages\/10677\/revisions"}],"wp:attachment":[{"href":"https:\/\/mobusoft.com\/ca\/wp-json\/wp\/v2\/media?parent=10677"}],"curies":[{"name":"wp","href":"https:\/\/api.w.org\/{rel}","templated":true}]}}